{"id":1003,"date":"2020-05-02T21:10:56","date_gmt":"2020-05-02T19:10:56","guid":{"rendered":"https:\/\/meister-spott.de\/vermietung\/?page_id=1003"},"modified":"2026-01-18T16:10:25","modified_gmt":"2026-01-18T15:10:25","slug":"preise-buchung","status":"publish","type":"page","link":"https:\/\/meister-spott.de\/vermietung\/preise-buchung\/","title":{"rendered":"Buchung\/ Preise"},"content":{"rendered":"\n<h2 class=\"wp-block-heading has-text-align-center has-black-color has-text-color\" style=\"font-size:25px;font-style:normal;font-weight:700\">F\u00fcr eine Buchungsanfrage f\u00fcr unsere Ferienwohnungen M\u00e4rchengrund und K\u00f6nig H\u00fcbich nutzen Sie bitte eine der folgenden Telefonnummern oder unser Kontaktformular.<\/h2>\n\n\n\n<div class=\"wp-block-columns alignwide is-layout-flex wp-container-core-columns-is-layout-9d6595d7 wp-block-columns-is-layout-flex\">\n<div class=\"wp-block-column has-text-color has-background has-link-color wp-elements-96fcd73e075679e2be690c5237372473 is-layout-flow wp-block-column-is-layout-flow\" style=\"color:#000000;background-color:#d1d1e1;padding-top:2em;padding-right:2em;padding-bottom:2em;padding-left:2em\">\n<h5 class=\"wp-block-heading has-text-align-center has-black-color has-text-color\" id=\"ab-5-un\" style=\"font-size:25px\">Frau Ina Spott<\/h5>\n\n\n\n<hr class=\"wp-block-separator has-text-color has-black-color has-alpha-channel-opacity has-black-background-color has-background is-style-wide\"\/>\n\n\n\n<div class=\"wp-block-buttons alignfull is-horizontal is-content-justification-center is-layout-flex wp-container-core-buttons-is-layout-499968f5 wp-block-buttons-is-layout-flex\">\n<div class=\"wp-block-button has-custom-width wp-block-button__width-100 is-style-fill\"><a class=\"wp-block-button__link has-white-color has-text-color has-background has-medium-font-size has-custom-font-size wp-element-button\" style=\"border-radius:0px;background-color:#000000\">0152- <br>318 77 219<\/a><\/div>\n<\/div>\n<\/div>\n\n\n\n<div class=\"wp-block-column has-background has-link-color wp-elements-2b78926451892e5541281c057beb3be5 is-layout-flow wp-block-column-is-layout-flow\" style=\"background-color:#ffe97d;padding-top:2em;padding-right:2em;padding-bottom:2em;padding-left:2em\">\n<h4 class=\"wp-block-heading has-text-align-center has-black-color has-text-color\" id=\"bis-4-un\" style=\"font-size:25px\">Herr J\u00f6rg Spott<\/h4>\n\n\n\n<hr class=\"wp-block-separator has-text-color has-css-opacity has-background is-style-wide\" style=\"background-color:#000000;color:#000000\"\/>\n\n\n\n<div class=\"wp-block-buttons alignfull is-horizontal is-content-justification-center is-layout-flex wp-container-core-buttons-is-layout-499968f5 wp-block-buttons-is-layout-flex\">\n<div class=\"wp-block-button has-custom-width wp-block-button__width-100 is-style-fill\"><a class=\"wp-block-button__link has-white-color has-text-color has-background has-medium-font-size has-custom-font-size wp-element-button\" style=\"border-radius:0px;background-color:#000000\">0172- <br>89 33 524<\/a><\/div>\n<\/div>\n<\/div>\n\n\n\n<div class=\"wp-block-column has-text-color has-background has-link-color wp-elements-8009bba887b8af46fd3d6151f616ff12 is-layout-flow wp-block-column-is-layout-flow\" style=\"color:#000000;background-color:#d1d1e1;padding-top:2em;padding-right:2em;padding-bottom:2em;padding-left:2em\">\n<h5 class=\"wp-block-heading has-text-align-center has-black-color has-text-color\" id=\"ab-5-un\" style=\"font-size:25px\">Kontaktformular<\/h5>\n\n\n\n<hr class=\"wp-block-separator has-text-color has-black-color has-alpha-channel-opacity has-black-background-color has-background is-style-wide\"\/>\n\n\n\n<div class=\"wp-block-buttons alignfull is-horizontal is-content-justification-center is-layout-flex wp-container-core-buttons-is-layout-499968f5 wp-block-buttons-is-layout-flex\">\n<div class=\"wp-block-button has-custom-width wp-block-button__width-100 is-style-fill\"><a class=\"wp-block-button__link has-white-color has-text-color has-background has-medium-font-size has-custom-font-size wp-element-button\" href=\"https:\/\/meister-spott.de\/vermietung\/kontakt-vermieter-apartment-maerchengrund-bad-grund-harz\/\" style=\"border-radius:0px;background-color:#000000\">hier <br>klicken<\/a><\/div>\n<\/div>\n<\/div>\n<\/div>\n\n\n\n<p class=\"has-text-align-center has-black-color has-text-color\" style=\"font-size:25px\"><strong>Wir bieten Ihnen \u00dcbernachtungen in unseren Apartments M\u00e4rchengrund und K\u00f6nig H\u00fcbich zu sehr g\u00fcnstigen Preisen<\/strong>.<\/p>\n\n\n\n<p class=\"has-text-align-center has-black-color has-text-color\" style=\"font-size:25px\"><br><strong>Unsere Preise verstehen sich f\u00fcr 2 Personen pro Nacht.<\/strong><\/p>\n\n\n\n<p><\/p>\n\n\n\n<div class=\"wp-block-columns alignwide is-layout-flex wp-container-core-columns-is-layout-9d6595d7 wp-block-columns-is-layout-flex\">\n<div class=\"wp-block-column has-background has-link-color wp-elements-b72d180f022b9881b74f894ba05e83c3 is-layout-flow wp-block-column-is-layout-flow\" style=\"background-color:#ffe97d;padding-top:2em;padding-right:2em;padding-bottom:2em;padding-left:2em\">\n<h4 class=\"wp-block-heading has-text-align-center has-black-color has-text-color\" id=\"bis-4-un\" style=\"font-size:25px;font-style:normal;font-weight:700\">M\u00e4rchengrund 45m\u00b2<br><\/h4>\n\n\n\n<hr class=\"wp-block-separator has-text-color has-css-opacity has-background is-style-wide\" style=\"background-color:#000000;color:#000000\"\/>\n\n\n\n<div class=\"wp-block-buttons alignfull is-horizontal is-content-justification-center is-layout-flex wp-container-core-buttons-is-layout-499968f5 wp-block-buttons-is-layout-flex\">\n<div class=\"wp-block-button has-custom-width wp-block-button__width-100 is-style-fill\"><a class=\"wp-block-button__link has-white-color has-text-color has-background has-medium-font-size has-custom-font-size wp-element-button\" style=\"border-radius:0px;background-color:#000000\"><strong>ab <\/strong>45<strong>&nbsp;\u20ac \/ Nacht<\/strong><\/a><\/div>\n<\/div>\n\n\n\n<ul class=\"wp-block-list has-black-color has-text-color has-medium-font-size\">\n<li><strong>49,- \u20ac pro Nacht<\/strong><\/li>\n\n\n\n<li><strong>ab 5.Nacht jede weitere Nacht nur 45,-\u20ac <\/strong><\/li>\n\n\n\n<li><strong>f\u00fcr 2 Personen<\/strong><\/li>\n\n\n\n<li><strong>inkl. Handt\u00fccher und Bettw\u00e4sche<\/strong><\/li>\n\n\n\n<li><strong>inkl. WLAN Nutzung <\/strong><\/li>\n\n\n\n<li><strong>inkl.<\/strong> <strong>kostenloser<\/strong> <strong>Parkplatz<\/strong><\/li>\n\n\n\n<li><strong>zzgl. 45,- \u20ac Endreinigung<\/strong><\/li>\n\n\n\n<li><strong>zzgl. G\u00e4stebeitrag <\/strong><br><strong>(Infos siehe unten)<\/strong><\/li>\n\n\n\n<li><strong>Aufbettung auf Anfrage<\/strong><\/li>\n<\/ul>\n<\/div>\n\n\n\n<div class=\"wp-block-column has-text-color has-background has-link-color wp-elements-1a5b5be6aca212239c76f91c921b8526 is-layout-flow wp-block-column-is-layout-flow\" style=\"color:#000000;background-color:#d1d1e1;padding-top:2em;padding-right:2em;padding-bottom:2em;padding-left:2em\">\n<h5 class=\"wp-block-heading has-text-align-center has-black-color has-text-color\" id=\"ab-5-un\" style=\"font-size:25px\"><strong>K\u00f6nig H\u00fcbich 60m\u00b2<\/strong><br><\/h5>\n\n\n\n<hr class=\"wp-block-separator has-text-color has-black-color has-alpha-channel-opacity has-black-background-color has-background is-style-wide\"\/>\n\n\n\n<div class=\"wp-block-buttons alignfull is-horizontal is-content-justification-center is-layout-flex wp-container-core-buttons-is-layout-499968f5 wp-block-buttons-is-layout-flex\">\n<div class=\"wp-block-button has-custom-width wp-block-button__width-100 is-style-fill\"><a class=\"wp-block-button__link has-white-color has-text-color has-background has-medium-font-size has-custom-font-size wp-element-button\" style=\"border-radius:0px;background-color:#000000\"><strong>ab <\/strong>49<strong>&nbsp;\u20ac \/ Nacht<\/strong><\/a><\/div>\n<\/div>\n\n\n\n<ul class=\"wp-block-list has-black-color has-text-color has-medium-font-size\">\n<li><strong>59,- \u20ac pro Nacht<\/strong><\/li>\n\n\n\n<li><strong>ab 5.Nacht jede weitere Nacht nur 49,-\u20ac<\/strong><\/li>\n\n\n\n<li><strong>f\u00fcr 2 Personen, mehr Personen m\u00f6glich auf Anfrage<\/strong><\/li>\n\n\n\n<li><strong>inkl. Handt\u00fccher und Bettw\u00e4sche<\/strong><\/li>\n\n\n\n<li><strong>inkl. WLAN Nutzung <\/strong><\/li>\n\n\n\n<li><strong>inkl.<\/strong> <strong>kostenloser Parkplatz<\/strong><\/li>\n\n\n\n<li><strong>zzgl. 50,- EUR Endreinigung<\/strong><\/li>\n\n\n\n<li><strong>zzgl. G\u00e4stebeitrag <\/strong><br><strong>(Infos siehe unten)<\/strong><\/li>\n<\/ul>\n<\/div>\n<\/div>\n\n\n\n<div class=\"wp-block-columns is-layout-flex wp-container-core-columns-is-layout-9d6595d7 wp-block-columns-is-layout-flex\">\n<div class=\"wp-block-column is-layout-flow wp-block-column-is-layout-flow\" style=\"flex-basis:100%\">\n<div class=\"wp-block-buttons alignfull is-horizontal is-content-justification-center is-layout-flex wp-container-core-buttons-is-layout-499968f5 wp-block-buttons-is-layout-flex\"><\/div>\n<\/div>\n<\/div>\n\n\n\n<div class=\"wp-block-columns is-layout-flex wp-container-core-columns-is-layout-9d6595d7 wp-block-columns-is-layout-flex\">\n<div class=\"wp-block-column is-layout-flow wp-block-column-is-layout-flow\"><\/div>\n<\/div>\n\n\n\n<h2 class=\"wp-block-heading\">G\u00e4stebeitrag Bad Grund<\/h2>\n\n\n\n<p class=\"has-black-color has-text-color has-medium-font-size\"><\/p>\n\n\n\n<p class=\"has-black-color has-text-color has-medium-font-size\"><strong>Mit der Zahlung des G\u00e4stebeitrages erhalten Sie die G\u00e4stekarte f\u00fcr Bad Grund. Mit dieser G\u00e4stekarte sind Sie berechtigt, viele Vorteile in Bad Grund und Umgebung zu nutzen. <\/strong><\/p>\n\n\n\n<p class=\"has-black-color has-text-color has-medium-font-size\"><strong>Inkludiert in die G\u00e4stekarte ist das HATIX. Das HATIX erm\u00f6glicht Ihnen kostenfreie Fahrt mit vielen \u00f6ffentlichen Verkehrsmitteln (Busse, Regionalz\u00fcge) im Westharz, Landkreis Harz und Altkreis Osterode<\/strong>.<\/p>\n\n\n\n<p class=\"has-black-color has-text-color has-medium-font-size\"><a href=\"https:\/\/www.hatix.info\/routes-and-destinations\/\">Infos zu den Linien im HATIX-Gebiet<\/a><\/p>\n\n\n\n<p class=\"has-black-color has-text-color has-medium-font-size\"><\/p>\n\n\n\n<p class=\"has-black-color has-text-color has-medium-font-size\"><a rel=\"noreferrer noopener\" href=\"https:\/\/www.hatix.info\/de\" data-type=\"URL\" data-id=\"https:\/\/www.hatix.info\/de\" target=\"_blank\">weitere Infos<\/a><\/p>\n\n\n\n<p class=\"has-medium-font-size\"><strong>Der G\u00e4stebeitrag wird von der Bergstadt Bad Grund erhoben und wird pro Person pro Nacht berechnet<\/strong>. <\/p>\n\n\n\n<p class=\"has-medium-font-size\">Der Betrag wird in der Rechnung zus\u00e4tzlich aufgef\u00fchrt. <br>Die G\u00e4stekarte liegt dann bei Ihrer Ankunft im Apartment bereit.<\/p>\n\n\n\n<p class=\"has-black-color has-text-color has-medium-font-size\"><strong>Preise G\u00e4stebeitrag pro Nacht pro Person: <\/strong><br><strong>&#8211; voller Beitrag 2,10\u20ac<br>&#8211; erm\u00e4\u00dfigter Beitrag 1,05\u20ac<\/strong><\/p>\n\n\n\n<p><\/p>\n","protected":false},"excerpt":{"rendered":"<p>F\u00fcr eine Buchungsanfrage f\u00fcr unsere Ferienwohnungen M\u00e4rchengrund und K\u00f6nig H\u00fcbich nutzen Sie bitte eine der folgenden Telefonnummern oder unser Kontaktformular. Frau Ina Spott Herr J\u00f6rg Spott Kontaktformular Wir bieten Ihnen \u00dcbernachtungen in unseren Apartments M\u00e4rchengrund und K\u00f6nig H\u00fcbich zu sehr g\u00fcnstigen Preisen. Unsere Preise verstehen sich f\u00fcr 2 Personen pro Nacht. M\u00e4rchengrund 45m\u00b2 K\u00f6nig H\u00fcbich [&hellip;]<\/p>\n","protected":false},"author":2,"featured_media":0,"parent":0,"menu_order":0,"comment_status":"closed","ping_status":"closed","template":"","meta":{"two_page_speed":[],"footnotes":""},"class_list":["post-1003","page","type-page","status-publish","hentry"],"yoast_head":"<!-- This site is optimized with the Yoast SEO plugin v27.5 - https:\/\/yoast.com\/product\/yoast-seo-wordpress\/ -->\n<title>Buchung\/ Preise - APARTMENT M\u00c4RCHENGRUND - HARZ g\u00fcnstig, Bad Grund,<\/title>\n<meta name=\"description\" content=\"APARTMENT M\u00c4RCHENGRUND - HARZ - Buchung\/ Preise , g\u00fcnstig in den Harz, Urlaub, Kur, Wochenende, Erholung pur, f\u00fcr wenig Geld\" \/>\n<meta name=\"robots\" content=\"index, follow, max-snippet:-1, max-image-preview:large, max-video-preview:-1\" \/>\n<link rel=\"canonical\" href=\"https:\/\/meister-spott.de\/vermietung\/preise-buchung\/\" \/>\n<meta name=\"twitter:label1\" content=\"Gesch\u00e4tzte Lesezeit\" \/>\n\t<meta name=\"twitter:data1\" content=\"2\u00a0Minuten\" \/>\n<script type=\"application\/ld+json\" class=\"yoast-schema-graph\">{\"@context\":\"https:\\\/\\\/schema.org\",\"@graph\":[{\"@type\":\"WebPage\",\"@id\":\"https:\\\/\\\/meister-spott.de\\\/vermietung\\\/preise-buchung\\\/\",\"url\":\"https:\\\/\\\/meister-spott.de\\\/vermietung\\\/preise-buchung\\\/\",\"name\":\"Buchung\\\/ Preise - APARTMENT M\u00c4RCHENGRUND - HARZ g\u00fcnstig, Bad Grund,\",\"isPartOf\":{\"@id\":\"https:\\\/\\\/meister-spott.de\\\/vermietung\\\/#website\"},\"datePublished\":\"2020-05-02T19:10:56+00:00\",\"dateModified\":\"2026-01-18T15:10:25+00:00\",\"description\":\"APARTMENT M\u00c4RCHENGRUND - HARZ - Buchung\\\/ Preise , g\u00fcnstig in den Harz, Urlaub, Kur, Wochenende, Erholung pur, f\u00fcr wenig Geld\",\"breadcrumb\":{\"@id\":\"https:\\\/\\\/meister-spott.de\\\/vermietung\\\/preise-buchung\\\/#breadcrumb\"},\"inLanguage\":\"de\",\"potentialAction\":[{\"@type\":\"ReadAction\",\"target\":[\"https:\\\/\\\/meister-spott.de\\\/vermietung\\\/preise-buchung\\\/\"]}]},{\"@type\":\"BreadcrumbList\",\"@id\":\"https:\\\/\\\/meister-spott.de\\\/vermietung\\\/preise-buchung\\\/#breadcrumb\",\"itemListElement\":[{\"@type\":\"ListItem\",\"position\":1,\"name\":\"Startseite\",\"item\":\"https:\\\/\\\/meister-spott.de\\\/vermietung\\\/\"},{\"@type\":\"ListItem\",\"position\":2,\"name\":\"Buchung\\\/ Preise\"}]},{\"@type\":\"WebSite\",\"@id\":\"https:\\\/\\\/meister-spott.de\\\/vermietung\\\/#website\",\"url\":\"https:\\\/\\\/meister-spott.de\\\/vermietung\\\/\",\"name\":\"Ferienwohnung HARZ M\u00e4rchengrund\",\"description\":\"Hotelstra\u00dfe 1, 37539 Bad Grund,                    Tel: 0172-89 33 524\",\"publisher\":{\"@id\":\"https:\\\/\\\/meister-spott.de\\\/vermietung\\\/#organization\"},\"potentialAction\":[{\"@type\":\"SearchAction\",\"target\":{\"@type\":\"EntryPoint\",\"urlTemplate\":\"https:\\\/\\\/meister-spott.de\\\/vermietung\\\/?s={search_term_string}\"},\"query-input\":{\"@type\":\"PropertyValueSpecification\",\"valueRequired\":true,\"valueName\":\"search_term_string\"}}],\"inLanguage\":\"de\"},{\"@type\":\"Organization\",\"@id\":\"https:\\\/\\\/meister-spott.de\\\/vermietung\\\/#organization\",\"name\":\"Apartment M\u00e4rchengrund in Bad Grund, Ferienwohnung\",\"url\":\"https:\\\/\\\/meister-spott.de\\\/vermietung\\\/\",\"logo\":{\"@type\":\"ImageObject\",\"inLanguage\":\"de\",\"@id\":\"https:\\\/\\\/meister-spott.de\\\/vermietung\\\/#\\\/schema\\\/logo\\\/image\\\/\",\"url\":\"https:\\\/\\\/meister-spott.de\\\/vermietung\\\/wp-content\\\/uploads\\\/2018\\\/02\\\/cache_3887654.png\",\"contentUrl\":\"https:\\\/\\\/meister-spott.de\\\/vermietung\\\/wp-content\\\/uploads\\\/2018\\\/02\\\/cache_3887654.png\",\"width\":1024,\"height\":698,\"caption\":\"Apartment M\u00e4rchengrund in Bad Grund, Ferienwohnung\"},\"image\":{\"@id\":\"https:\\\/\\\/meister-spott.de\\\/vermietung\\\/#\\\/schema\\\/logo\\\/image\\\/\"},\"sameAs\":[\"http:\\\/\\\/instagram.com\\\/harz_spott.de\"]}]}<\/script>\n<!-- \/ Yoast SEO plugin. -->","yoast_head_json":{"title":"Buchung\/ Preise - APARTMENT M\u00c4RCHENGRUND - HARZ g\u00fcnstig, Bad Grund,","description":"APARTMENT M\u00c4RCHENGRUND - HARZ - Buchung\/ Preise , g\u00fcnstig in den Harz, Urlaub, Kur, Wochenende, Erholung pur, f\u00fcr wenig Geld","robots":{"index":"index","follow":"follow","max-snippet":"max-snippet:-1","max-image-preview":"max-image-preview:large","max-video-preview":"max-video-preview:-1"},"canonical":"https:\/\/meister-spott.de\/vermietung\/preise-buchung\/","twitter_misc":{"Gesch\u00e4tzte Lesezeit":"2\u00a0Minuten"},"schema":{"@context":"https:\/\/schema.org","@graph":[{"@type":"WebPage","@id":"https:\/\/meister-spott.de\/vermietung\/preise-buchung\/","url":"https:\/\/meister-spott.de\/vermietung\/preise-buchung\/","name":"Buchung\/ Preise - APARTMENT M\u00c4RCHENGRUND - HARZ g\u00fcnstig, Bad Grund,","isPartOf":{"@id":"https:\/\/meister-spott.de\/vermietung\/#website"},"datePublished":"2020-05-02T19:10:56+00:00","dateModified":"2026-01-18T15:10:25+00:00","description":"APARTMENT M\u00c4RCHENGRUND - HARZ - Buchung\/ Preise , g\u00fcnstig in den Harz, Urlaub, Kur, Wochenende, Erholung pur, f\u00fcr wenig Geld","breadcrumb":{"@id":"https:\/\/meister-spott.de\/vermietung\/preise-buchung\/#breadcrumb"},"inLanguage":"de","potentialAction":[{"@type":"ReadAction","target":["https:\/\/meister-spott.de\/vermietung\/preise-buchung\/"]}]},{"@type":"BreadcrumbList","@id":"https:\/\/meister-spott.de\/vermietung\/preise-buchung\/#breadcrumb","itemListElement":[{"@type":"ListItem","position":1,"name":"Startseite","item":"https:\/\/meister-spott.de\/vermietung\/"},{"@type":"ListItem","position":2,"name":"Buchung\/ Preise"}]},{"@type":"WebSite","@id":"https:\/\/meister-spott.de\/vermietung\/#website","url":"https:\/\/meister-spott.de\/vermietung\/","name":"Ferienwohnung HARZ M\u00e4rchengrund","description":"Hotelstra\u00dfe 1, 37539 Bad Grund,                    Tel: 0172-89 33 524","publisher":{"@id":"https:\/\/meister-spott.de\/vermietung\/#organization"},"potentialAction":[{"@type":"SearchAction","target":{"@type":"EntryPoint","urlTemplate":"https:\/\/meister-spott.de\/vermietung\/?s={search_term_string}"},"query-input":{"@type":"PropertyValueSpecification","valueRequired":true,"valueName":"search_term_string"}}],"inLanguage":"de"},{"@type":"Organization","@id":"https:\/\/meister-spott.de\/vermietung\/#organization","name":"Apartment M\u00e4rchengrund in Bad Grund, Ferienwohnung","url":"https:\/\/meister-spott.de\/vermietung\/","logo":{"@type":"ImageObject","inLanguage":"de","@id":"https:\/\/meister-spott.de\/vermietung\/#\/schema\/logo\/image\/","url":"https:\/\/meister-spott.de\/vermietung\/wp-content\/uploads\/2018\/02\/cache_3887654.png","contentUrl":"https:\/\/meister-spott.de\/vermietung\/wp-content\/uploads\/2018\/02\/cache_3887654.png","width":1024,"height":698,"caption":"Apartment M\u00e4rchengrund in Bad Grund, Ferienwohnung"},"image":{"@id":"https:\/\/meister-spott.de\/vermietung\/#\/schema\/logo\/image\/"},"sameAs":["http:\/\/instagram.com\/harz_spott.de"]}]}},"jetpack_sharing_enabled":true,"jetpack_shortlink":"https:\/\/wp.me\/P9hUrJ-gb","jetpack_likes_enabled":true,"jetpack-related-posts":[],"_links":{"self":[{"href":"https:\/\/meister-spott.de\/vermietung\/wp-json\/wp\/v2\/pages\/1003","targetHints":{"allow":["GET"]}}],"collection":[{"href":"https:\/\/meister-spott.de\/vermietung\/wp-json\/wp\/v2\/pages"}],"about":[{"href":"https:\/\/meister-spott.de\/vermietung\/wp-json\/wp\/v2\/types\/page"}],"author":[{"embeddable":true,"href":"https:\/\/meister-spott.de\/vermietung\/wp-json\/wp\/v2\/users\/2"}],"replies":[{"embeddable":true,"href":"https:\/\/meister-spott.de\/vermietung\/wp-json\/wp\/v2\/comments?post=1003"}],"version-history":[{"count":236,"href":"https:\/\/meister-spott.de\/vermietung\/wp-json\/wp\/v2\/pages\/1003\/revisions"}],"predecessor-version":[{"id":3359,"href":"https:\/\/meister-spott.de\/vermietung\/wp-json\/wp\/v2\/pages\/1003\/revisions\/3359"}],"wp:attachment":[{"href":"https:\/\/meister-spott.de\/vermietung\/wp-json\/wp\/v2\/media?parent=1003"}],"curies":[{"name":"wp","href":"https:\/\/api.w.org\/{rel}","templated":true}]}}