{"id":703,"date":"2019-10-13T13:21:13","date_gmt":"2019-10-13T11:21:13","guid":{"rendered":"https:\/\/meister-spott.de\/vermietung\/?page_id=703"},"modified":"2019-10-13T13:25:04","modified_gmt":"2019-10-13T11:25:04","slug":"cookies","status":"publish","type":"page","link":"https:\/\/meister-spott.de\/vermietung\/cookies\/","title":{"rendered":"Cookies"},"content":{"rendered":"<h3><strong>Cookies<\/strong><\/h3>\n<p>Wir verwenden auf unserer Seite sog. Cookies zum Wiedererkennen mehrfacher Nutzung unseres Angebots, durch denselben Nutzer\/Internetanschlussinhaber. Cookies sind kleine Textdateien, die Ihr Internet-Browser auf Ihrem Rechner ablegt und speichert. Sie dienen dazu, unseren Internetauftritt und unsere Angebote zu optimieren. Es handelt sich dabei zumeist um sog. \u201eSession-Cookies\u201c, die nach dem Ende Ihres Besuches wieder gel\u00f6scht werden.<br \/>\nTeilweise geben diese Cookies jedoch Informationen ab, um Sie automatisch wieder zu erkennen. Diese Wiedererkennung erfolgt aufgrund der in den Cookies gespeicherten IP-Adresse. Die so erlangten Informationen dienen dazu, unsere Angebote zu optimieren und Ihnen einen leichteren Zugang auf unsere Seite zu erm\u00f6glichen.<br \/>\nSie k\u00f6nnen die Installation der Cookies durch eine entsprechende Einstellung Ihres Browsers verhindern; wir weisen Sie jedoch darauf hin, dass Sie in diesem Fall gegebenenfalls nicht s\u00e4mtliche Funktionen unserer Website vollumf\u00e4nglich nutzen k\u00f6nnen.<\/p>\n<h3><strong>Serverdaten<\/strong><\/h3>\n<p>Aus technischen Gr\u00fcnden werden u.a. folgende Daten, die Ihr Internet-Browser an uns bzw. an unseren Webspace-Provider \u00fcbermittelt, erfasst (sogenannte Serverlogfiles):<\/p>\n<p>\u2013 Browsertyp und -version<br \/>\n\u2013 verwendetes Betriebssystem<br \/>\n\u2013 Webseite, von der aus Sie uns besuchen (Referrer URL)<br \/>\n\u2013 Webseite, die Sie besuchen<br \/>\n\u2013 Datum und Uhrzeit Ihres Zugriffs<br \/>\n\u2013 Ihre Internet Protokoll (IP)-Adresse (anonymisiert).<\/p>\n<p>Diese anonymen Daten werden getrennt von Ihren eventuell angegebenen personenbezogenen Daten gespeichert und lassen so keine R\u00fcckschl\u00fcsse auf eine bestimmte Person zu. Sie werden zu statistischen Zwecken ausgewertet, um unseren Internetauftritt und unsere Angebote optimieren zu k\u00f6nnen.<\/p>\n","protected":false},"excerpt":{"rendered":"<p>Cookies Wir verwenden auf unserer Seite sog. Cookies zum Wiedererkennen mehrfacher Nutzung unseres Angebots, durch denselben Nutzer\/Internetanschlussinhaber. Cookies sind kleine Textdateien, die Ihr Internet-Browser auf Ihrem Rechner ablegt und speichert. Sie dienen dazu, unseren Internetauftritt und unsere Angebote zu optimieren. Es handelt sich dabei zumeist um sog. \u201eSession-Cookies\u201c, die nach dem Ende Ihres Besuches wieder [&hellip;]<\/p>\n","protected":false},"author":2,"featured_media":0,"parent":0,"menu_order":0,"comment_status":"closed","ping_status":"closed","template":"","meta":{"two_page_speed":{"previous_score":{"desktop_score":79,"desktop_tti":"3.3\u00a0","mobile_score":51,"mobile_tti":"15.5\u00a0","date":"20.02.2025 07:19:07 pm","status":"completed"}},"footnotes":""},"class_list":["post-703","page","type-page","status-publish","hentry"],"yoast_head":"<!-- This site is optimized with the Yoast SEO plugin v27.5 - https:\/\/yoast.com\/product\/yoast-seo-wordpress\/ -->\n<title>Cookies - APARTMENT M\u00c4RCHENGRUND - HARZ<\/title>\n<meta name=\"description\" content=\"Hotelstra\u00dfe 1, 37539 Bad Grund,          Tel: 0172-89 33 524\" \/>\n<meta name=\"robots\" content=\"index, follow, max-snippet:-1, max-image-preview:large, max-video-preview:-1\" \/>\n<link rel=\"canonical\" href=\"https:\/\/meister-spott.de\/vermietung\/cookies\/\" \/>\n<meta name=\"twitter:label1\" content=\"Gesch\u00e4tzte Lesezeit\" \/>\n\t<meta name=\"twitter:data1\" content=\"1\u00a0Minute\" \/>\n<script type=\"application\/ld+json\" class=\"yoast-schema-graph\">{\"@context\":\"https:\\\/\\\/schema.org\",\"@graph\":[{\"@type\":\"WebPage\",\"@id\":\"https:\\\/\\\/meister-spott.de\\\/vermietung\\\/cookies\\\/\",\"url\":\"https:\\\/\\\/meister-spott.de\\\/vermietung\\\/cookies\\\/\",\"name\":\"Cookies - APARTMENT M\u00c4RCHENGRUND - HARZ\",\"isPartOf\":{\"@id\":\"https:\\\/\\\/meister-spott.de\\\/vermietung\\\/#website\"},\"datePublished\":\"2019-10-13T11:21:13+00:00\",\"dateModified\":\"2019-10-13T11:25:04+00:00\",\"description\":\"Hotelstra\u00dfe 1, 37539 Bad Grund, Tel: 0172-89 33 524\",\"breadcrumb\":{\"@id\":\"https:\\\/\\\/meister-spott.de\\\/vermietung\\\/cookies\\\/#breadcrumb\"},\"inLanguage\":\"de\",\"potentialAction\":[{\"@type\":\"ReadAction\",\"target\":[\"https:\\\/\\\/meister-spott.de\\\/vermietung\\\/cookies\\\/\"]}]},{\"@type\":\"BreadcrumbList\",\"@id\":\"https:\\\/\\\/meister-spott.de\\\/vermietung\\\/cookies\\\/#breadcrumb\",\"itemListElement\":[{\"@type\":\"ListItem\",\"position\":1,\"name\":\"Startseite\",\"item\":\"https:\\\/\\\/meister-spott.de\\\/vermietung\\\/\"},{\"@type\":\"ListItem\",\"position\":2,\"name\":\"Cookies\"}]},{\"@type\":\"WebSite\",\"@id\":\"https:\\\/\\\/meister-spott.de\\\/vermietung\\\/#website\",\"url\":\"https:\\\/\\\/meister-spott.de\\\/vermietung\\\/\",\"name\":\"Ferienwohnung HARZ M\u00e4rchengrund\",\"description\":\"Hotelstra\u00dfe 1, 37539 Bad Grund,                    Tel: 0172-89 33 524\",\"publisher\":{\"@id\":\"https:\\\/\\\/meister-spott.de\\\/vermietung\\\/#organization\"},\"potentialAction\":[{\"@type\":\"SearchAction\",\"target\":{\"@type\":\"EntryPoint\",\"urlTemplate\":\"https:\\\/\\\/meister-spott.de\\\/vermietung\\\/?s={search_term_string}\"},\"query-input\":{\"@type\":\"PropertyValueSpecification\",\"valueRequired\":true,\"valueName\":\"search_term_string\"}}],\"inLanguage\":\"de\"},{\"@type\":\"Organization\",\"@id\":\"https:\\\/\\\/meister-spott.de\\\/vermietung\\\/#organization\",\"name\":\"Apartment M\u00e4rchengrund in Bad Grund, Ferienwohnung\",\"url\":\"https:\\\/\\\/meister-spott.de\\\/vermietung\\\/\",\"logo\":{\"@type\":\"ImageObject\",\"inLanguage\":\"de\",\"@id\":\"https:\\\/\\\/meister-spott.de\\\/vermietung\\\/#\\\/schema\\\/logo\\\/image\\\/\",\"url\":\"https:\\\/\\\/meister-spott.de\\\/vermietung\\\/wp-content\\\/uploads\\\/2018\\\/02\\\/cache_3887654.png\",\"contentUrl\":\"https:\\\/\\\/meister-spott.de\\\/vermietung\\\/wp-content\\\/uploads\\\/2018\\\/02\\\/cache_3887654.png\",\"width\":1024,\"height\":698,\"caption\":\"Apartment M\u00e4rchengrund in Bad Grund, Ferienwohnung\"},\"image\":{\"@id\":\"https:\\\/\\\/meister-spott.de\\\/vermietung\\\/#\\\/schema\\\/logo\\\/image\\\/\"},\"sameAs\":[\"http:\\\/\\\/instagram.com\\\/harz_spott.de\"]}]}<\/script>\n<!-- \/ Yoast SEO plugin. -->","yoast_head_json":{"title":"Cookies - APARTMENT M\u00c4RCHENGRUND - HARZ","description":"Hotelstra\u00dfe 1, 37539 Bad Grund,          Tel: 0172-89 33 524","robots":{"index":"index","follow":"follow","max-snippet":"max-snippet:-1","max-image-preview":"max-image-preview:large","max-video-preview":"max-video-preview:-1"},"canonical":"https:\/\/meister-spott.de\/vermietung\/cookies\/","twitter_misc":{"Gesch\u00e4tzte Lesezeit":"1\u00a0Minute"},"schema":{"@context":"https:\/\/schema.org","@graph":[{"@type":"WebPage","@id":"https:\/\/meister-spott.de\/vermietung\/cookies\/","url":"https:\/\/meister-spott.de\/vermietung\/cookies\/","name":"Cookies - APARTMENT M\u00c4RCHENGRUND - HARZ","isPartOf":{"@id":"https:\/\/meister-spott.de\/vermietung\/#website"},"datePublished":"2019-10-13T11:21:13+00:00","dateModified":"2019-10-13T11:25:04+00:00","description":"Hotelstra\u00dfe 1, 37539 Bad Grund, Tel: 0172-89 33 524","breadcrumb":{"@id":"https:\/\/meister-spott.de\/vermietung\/cookies\/#breadcrumb"},"inLanguage":"de","potentialAction":[{"@type":"ReadAction","target":["https:\/\/meister-spott.de\/vermietung\/cookies\/"]}]},{"@type":"BreadcrumbList","@id":"https:\/\/meister-spott.de\/vermietung\/cookies\/#breadcrumb","itemListElement":[{"@type":"ListItem","position":1,"name":"Startseite","item":"https:\/\/meister-spott.de\/vermietung\/"},{"@type":"ListItem","position":2,"name":"Cookies"}]},{"@type":"WebSite","@id":"https:\/\/meister-spott.de\/vermietung\/#website","url":"https:\/\/meister-spott.de\/vermietung\/","name":"Ferienwohnung HARZ M\u00e4rchengrund","description":"Hotelstra\u00dfe 1, 37539 Bad Grund,                    Tel: 0172-89 33 524","publisher":{"@id":"https:\/\/meister-spott.de\/vermietung\/#organization"},"potentialAction":[{"@type":"SearchAction","target":{"@type":"EntryPoint","urlTemplate":"https:\/\/meister-spott.de\/vermietung\/?s={search_term_string}"},"query-input":{"@type":"PropertyValueSpecification","valueRequired":true,"valueName":"search_term_string"}}],"inLanguage":"de"},{"@type":"Organization","@id":"https:\/\/meister-spott.de\/vermietung\/#organization","name":"Apartment M\u00e4rchengrund in Bad Grund, Ferienwohnung","url":"https:\/\/meister-spott.de\/vermietung\/","logo":{"@type":"ImageObject","inLanguage":"de","@id":"https:\/\/meister-spott.de\/vermietung\/#\/schema\/logo\/image\/","url":"https:\/\/meister-spott.de\/vermietung\/wp-content\/uploads\/2018\/02\/cache_3887654.png","contentUrl":"https:\/\/meister-spott.de\/vermietung\/wp-content\/uploads\/2018\/02\/cache_3887654.png","width":1024,"height":698,"caption":"Apartment M\u00e4rchengrund in Bad Grund, Ferienwohnung"},"image":{"@id":"https:\/\/meister-spott.de\/vermietung\/#\/schema\/logo\/image\/"},"sameAs":["http:\/\/instagram.com\/harz_spott.de"]}]}},"jetpack_sharing_enabled":true,"jetpack_shortlink":"https:\/\/wp.me\/P9hUrJ-bl","jetpack_likes_enabled":true,"jetpack-related-posts":[],"_links":{"self":[{"href":"https:\/\/meister-spott.de\/vermietung\/wp-json\/wp\/v2\/pages\/703","targetHints":{"allow":["GET"]}}],"collection":[{"href":"https:\/\/meister-spott.de\/vermietung\/wp-json\/wp\/v2\/pages"}],"about":[{"href":"https:\/\/meister-spott.de\/vermietung\/wp-json\/wp\/v2\/types\/page"}],"author":[{"embeddable":true,"href":"https:\/\/meister-spott.de\/vermietung\/wp-json\/wp\/v2\/users\/2"}],"replies":[{"embeddable":true,"href":"https:\/\/meister-spott.de\/vermietung\/wp-json\/wp\/v2\/comments?post=703"}],"version-history":[{"count":4,"href":"https:\/\/meister-spott.de\/vermietung\/wp-json\/wp\/v2\/pages\/703\/revisions"}],"predecessor-version":[{"id":707,"href":"https:\/\/meister-spott.de\/vermietung\/wp-json\/wp\/v2\/pages\/703\/revisions\/707"}],"wp:attachment":[{"href":"https:\/\/meister-spott.de\/vermietung\/wp-json\/wp\/v2\/media?parent=703"}],"curies":[{"name":"wp","href":"https:\/\/api.w.org\/{rel}","templated":true}]}}